{"id":1525,"date":"2022-09-07T10:38:13","date_gmt":"2022-09-07T10:38:13","guid":{"rendered":"https:\/\/emminteriorismo.com\/?page_id=1525"},"modified":"2024-04-09T17:04:09","modified_gmt":"2024-04-09T17:04:09","slug":"servicios","status":"publish","type":"page","link":"https:\/\/emminteriorismo.com\/?page_id=1525","title":{"rendered":"Servicios"},"content":{"rendered":"<style>.kb-row-layout-id1525_7997c8-2f > .kt-row-column-wrap{align-content:start;}:where(.kb-row-layout-id1525_7997c8-2f > .kt-row-column-wrap) > .wp-block-kadence-column{justify-content:start;}.kb-row-layout-id1525_7997c8-2f > .kt-row-column-wrap{column-gap:var(--global-kb-gap-md, 2rem);row-gap:var(--global-kb-gap-md, 2rem);max-width:var( --global-content-width, 1290px );padding-left:var(--global-content-edge-padding);padding-right:var(--global-content-edge-padding);padding-top:0px;padding-bottom:80px;grid-template-columns:minmax(0, 1fr);}.kb-row-layout-id1525_7997c8-2f > .kt-row-layout-overlay{opacity:0.30;}@media all and (max-width: 1024px){.kb-row-layout-id1525_7997c8-2f > .kt-row-column-wrap{grid-template-columns:minmax(0, 1fr);}}@media all and (max-width: 767px){.kb-row-layout-id1525_7997c8-2f > .kt-row-column-wrap{grid-template-columns:minmax(0, 1fr);}}<\/style><div class=\"kb-row-layout-wrap kb-row-layout-id1525_7997c8-2f alignnone wp-block-kadence-rowlayout\"><div class=\"kt-row-column-wrap kt-has-1-columns kt-row-layout-equal kt-tab-layout-inherit kt-mobile-layout-row kt-row-valign-top kb-theme-content-width\">\n<style>.kadence-column1525_4259f2-5a > .kt-inside-inner-col,.kadence-column1525_4259f2-5a > .kt-inside-inner-col:before{border-top-left-radius:0px;border-top-right-radius:0px;border-bottom-right-radius:0px;border-bottom-left-radius:0px;}.kadence-column1525_4259f2-5a > .kt-inside-inner-col{column-gap:var(--global-kb-gap-sm, 1rem);}.kadence-column1525_4259f2-5a > .kt-inside-inner-col{flex-direction:column;}.kadence-column1525_4259f2-5a > .kt-inside-inner-col > .aligncenter{width:100%;}.kadence-column1525_4259f2-5a > .kt-inside-inner-col:before{opacity:0.3;}.kadence-column1525_4259f2-5a{position:relative;}@media all and (max-width: 1024px){.kadence-column1525_4259f2-5a > .kt-inside-inner-col{flex-direction:column;}}@media all and (max-width: 767px){.kadence-column1525_4259f2-5a > .kt-inside-inner-col{flex-direction:column;}}<\/style>\n<div class=\"wp-block-kadence-column kadence-column1525_4259f2-5a inner-column-1\"><div class=\"kt-inside-inner-col\"><style>.wp-block-kadence-advancedheading.kt-adv-heading1525_c715dc-01, .wp-block-kadence-advancedheading.kt-adv-heading1525_c715dc-01[data-kb-block=\"kb-adv-heading1525_c715dc-01\"]{text-align:center;font-size:13px;font-weight:400;font-style:normal;font-family:Gotu;color:#444444;}.wp-block-kadence-advancedheading.kt-adv-heading1525_c715dc-01 mark, .wp-block-kadence-advancedheading.kt-adv-heading1525_c715dc-01[data-kb-block=\"kb-adv-heading1525_c715dc-01\"] mark{font-style:normal;color:#f76a0c;padding-top:0px;padding-right:0px;padding-bottom:0px;padding-left:0px;}<\/style>\n<h6 class=\"kt-adv-heading1525_c715dc-01 wp-block-kadence-advancedheading\" data-kb-block=\"kb-adv-heading1525_c715dc-01\">SERVICIOS<\/h6>\n\n\n<style>.wp-block-kadence-advancedheading.kt-adv-heading1525_288e4e-a5, .wp-block-kadence-advancedheading.kt-adv-heading1525_288e4e-a5[data-kb-block=\"kb-adv-heading1525_288e4e-a5\"]{text-align:center;font-size:30px;font-weight:400;font-style:normal;font-family:Gotu;text-transform:none;color:#444444;}.wp-block-kadence-advancedheading.kt-adv-heading1525_288e4e-a5 mark, .wp-block-kadence-advancedheading.kt-adv-heading1525_288e4e-a5[data-kb-block=\"kb-adv-heading1525_288e4e-a5\"] mark{font-style:normal;color:#f76a0c;padding-top:0px;padding-right:0px;padding-bottom:0px;padding-left:0px;}<\/style>\n<h2 class=\"kt-adv-heading1525_288e4e-a5 wp-block-kadence-advancedheading\" data-kb-block=\"kb-adv-heading1525_288e4e-a5\">Nuestros servicios<\/h2>\n\n\n<style>.wp-block-kadence-advancedheading.kt-adv-heading1525_a513b1-ac, .wp-block-kadence-advancedheading.kt-adv-heading1525_a513b1-ac[data-kb-block=\"kb-adv-heading1525_a513b1-ac\"]{text-align:center;font-size:20px;font-style:normal;text-transform:none;}.wp-block-kadence-advancedheading.kt-adv-heading1525_a513b1-ac mark, .wp-block-kadence-advancedheading.kt-adv-heading1525_a513b1-ac[data-kb-block=\"kb-adv-heading1525_a513b1-ac\"] mark{font-style:normal;color:#f76a0c;padding-top:0px;padding-right:0px;padding-bottom:0px;padding-left:0px;}<\/style>\n<p class=\"kt-adv-heading1525_a513b1-ac wp-block-kadence-advancedheading\" data-kb-block=\"kb-adv-heading1525_a513b1-ac\">\u00bfQu\u00e9 necesitas? Si no lo tienes claro escr\u00edbenos y te ayudaremos a decidir el servicio que m\u00e1s te va.<a href=\"https:\/\/kadence.pixel-show.com\/travel-blog\/#\"><\/a><\/p>\n\n\n<style>.kb-row-layout-id1525_b97d95-af > .kt-row-column-wrap{align-content:start;}:where(.kb-row-layout-id1525_b97d95-af > .kt-row-column-wrap) > .wp-block-kadence-column{justify-content:start;}.kb-row-layout-id1525_b97d95-af > .kt-row-column-wrap{column-gap:var(--global-kb-gap-md, 2rem);row-gap:var(--global-kb-gap-md, 2rem);padding-top:var(--global-kb-spacing-sm, 1.5rem);padding-bottom:var(--global-kb-spacing-sm, 1.5rem);grid-template-columns:repeat(3, minmax(0, 1fr));}.kb-row-layout-id1525_b97d95-af > .kt-row-layout-overlay{opacity:0.30;}@media all and (max-width: 1024px){.kb-row-layout-id1525_b97d95-af > .kt-row-column-wrap{grid-template-columns:repeat(3, minmax(0, 1fr));}}@media all and (max-width: 767px){.kb-row-layout-id1525_b97d95-af > .kt-row-column-wrap{grid-template-columns:minmax(0, 1fr);}}<\/style><div class=\"kb-row-layout-wrap kb-row-layout-id1525_b97d95-af alignnone wp-block-kadence-rowlayout\"><div class=\"kt-row-column-wrap kt-has-3-columns kt-row-layout-equal kt-tab-layout-inherit kt-mobile-layout-row kt-row-valign-top\">\n<style>.kadence-column1525_605b51-1d > .kt-inside-inner-col{padding-top:300px;padding-right:20px;padding-bottom:50px;padding-left:20px;}.kadence-column1525_605b51-1d > .kt-inside-inner-col,.kadence-column1525_605b51-1d > .kt-inside-inner-col:before{border-top-left-radius:0px;border-top-right-radius:0px;border-bottom-right-radius:0px;border-bottom-left-radius:0px;}.kadence-column1525_605b51-1d > .kt-inside-inner-col{column-gap:var(--global-kb-gap-sm, 1rem);}.kadence-column1525_605b51-1d > .kt-inside-inner-col{flex-direction:column;}.kadence-column1525_605b51-1d > .kt-inside-inner-col > .aligncenter{width:100%;}.kadence-column1525_605b51-1d > .kt-inside-inner-col{background-image:url('https:\/\/emminteriorismo.com\/wp-content\/uploads\/2022\/09\/COCINA-scaled.jpg');background-size:cover;background-position:center center;background-attachment:scroll;background-repeat:no-repeat;}.kadence-column1525_605b51-1d > .kt-inside-inner-col:before{opacity:0.3;}.kadence-column1525_605b51-1d{position:relative;}@media all and (max-width: 1024px){.kadence-column1525_605b51-1d > .kt-inside-inner-col{flex-direction:column;}}@media all and (max-width: 767px){.kadence-column1525_605b51-1d > .kt-inside-inner-col{flex-direction:column;}}<\/style>\n<div class=\"wp-block-kadence-column kadence-column1525_605b51-1d inner-column-1\"><div class=\"kt-inside-inner-col\"><style>.wp-block-kadence-advancedbtn.kb-btns1525_1c0cc8-f8{gap:var(--global-kb-gap-xs, 0.5rem );justify-content:center;align-items:center;}.kt-btns1525_1c0cc8-f8 .kt-button{font-weight:normal;font-style:normal;}<\/style>\n<div class=\"wp-block-kadence-advancedbtn kb-buttons-wrap kb-btns1525_1c0cc8-f8\"><style>ul.menu .wp-block-kadence-advancedbtn .kb-btn1525_a901cc-65.kb-button{width:initial;}.wp-block-kadence-advancedbtn .kb-btn1525_a901cc-65.kb-button{color:var(--global-palette9, #ffffff);background:var(--global-palette1, #3182CE);border-top-color:var(--global-palette1, #3182CE);border-top-style:solid;border-right-color:var(--global-palette1, #3182CE);border-right-style:solid;border-bottom-color:var(--global-palette1, #3182CE);border-bottom-style:solid;border-left-color:var(--global-palette1, #3182CE);border-left-style:solid;}.wp-block-kadence-advancedbtn .kb-btn1525_a901cc-65.kb-button:hover{color:#ffffff;background:var(--global-palette1, #3182CE);border-top-color:var(--global-palette1, #3182CE);border-top-style:solid;border-right-color:var(--global-palette1, #3182CE);border-right-style:solid;border-bottom-color:var(--global-palette1, #3182CE);border-bottom-style:solid;border-left-color:var(--global-palette1, #3182CE);border-left-style:solid;}@media all and (max-width: 1024px){.wp-block-kadence-advancedbtn .kb-btn1525_a901cc-65.kb-button{border-top-color:var(--global-palette1, #3182CE);border-top-style:solid;border-right-color:var(--global-palette1, #3182CE);border-right-style:solid;border-bottom-color:var(--global-palette1, #3182CE);border-bottom-style:solid;border-left-color:var(--global-palette1, #3182CE);border-left-style:solid;}}@media all and (max-width: 1024px){.wp-block-kadence-advancedbtn .kb-btn1525_a901cc-65.kb-button:hover{border-top-color:var(--global-palette1, #3182CE);border-top-style:solid;border-right-color:var(--global-palette1, #3182CE);border-right-style:solid;border-bottom-color:var(--global-palette1, #3182CE);border-bottom-style:solid;border-left-color:var(--global-palette1, #3182CE);border-left-style:solid;}}@media all and (max-width: 1024px){.kb-btn1525_a901cc-65.kb-button .kb-svg-icon-wrap{display:block;}}@media all and (max-width: 767px){.wp-block-kadence-advancedbtn .kb-btn1525_a901cc-65.kb-button{border-top-color:var(--global-palette1, #3182CE);border-top-style:solid;border-right-color:var(--global-palette1, #3182CE);border-right-style:solid;border-bottom-color:var(--global-palette1, #3182CE);border-bottom-style:solid;border-left-color:var(--global-palette1, #3182CE);border-left-style:solid;}.wp-block-kadence-advancedbtn .kb-btn1525_a901cc-65.kb-button:hover{border-top-color:var(--global-palette1, #3182CE);border-top-style:solid;border-right-color:var(--global-palette1, #3182CE);border-right-style:solid;border-bottom-color:var(--global-palette1, #3182CE);border-bottom-style:solid;border-left-color:var(--global-palette1, #3182CE);border-left-style:solid;}}<\/style><a class=\"kb-button kt-button button kb-btn1525_a901cc-65 kt-btn-size-standard kt-btn-width-type-auto kb-btn-global-outline kt-btn-has-text-true kt-btn-has-svg-false wp-block-kadence-singlebtn\" href=\"https:\/\/emminteriorismo.com\/?page_id=1692\"><span class=\"kt-btn-inner-text\">HOME STAGING<\/span><\/a><\/div>\n<\/div><\/div>\n\n\n<style>.kadence-column1525_810fa9-08 > .kt-inside-inner-col{padding-top:300px;padding-right:20px;padding-bottom:50px;padding-left:20px;}.kadence-column1525_810fa9-08 > .kt-inside-inner-col,.kadence-column1525_810fa9-08 > .kt-inside-inner-col:before{border-top-left-radius:0px;border-top-right-radius:0px;border-bottom-right-radius:0px;border-bottom-left-radius:0px;}.kadence-column1525_810fa9-08 > .kt-inside-inner-col{column-gap:var(--global-kb-gap-sm, 1rem);}.kadence-column1525_810fa9-08 > .kt-inside-inner-col{flex-direction:column;}.kadence-column1525_810fa9-08 > .kt-inside-inner-col > .aligncenter{width:100%;}.kadence-column1525_810fa9-08 > .kt-inside-inner-col{background-image:url('https:\/\/emminteriorismo.com\/wp-content\/uploads\/2022\/09\/minh-pham-OtXADkUh3-I-unsplash-scaled.jpg');background-size:cover;background-position:center center;background-attachment:scroll;background-repeat:no-repeat;}.kadence-column1525_810fa9-08 > .kt-inside-inner-col:before{opacity:0.3;}.kadence-column1525_810fa9-08{position:relative;}@media all and (max-width: 1024px){.kadence-column1525_810fa9-08 > .kt-inside-inner-col{flex-direction:column;}}@media all and (max-width: 767px){.kadence-column1525_810fa9-08 > .kt-inside-inner-col{flex-direction:column;}}<\/style>\n<div class=\"wp-block-kadence-column kadence-column1525_810fa9-08 inner-column-2\"><div class=\"kt-inside-inner-col\"><style>.wp-block-kadence-advancedbtn.kb-btns1525_28ce57-c9{gap:var(--global-kb-gap-xs, 0.5rem );justify-content:center;align-items:center;}.kt-btns1525_28ce57-c9 .kt-button{font-weight:normal;font-style:normal;}<\/style>\n<div class=\"wp-block-kadence-advancedbtn kb-buttons-wrap kb-btns1525_28ce57-c9\"><style>ul.menu .wp-block-kadence-advancedbtn .kb-btn1525_8cc3bc-0b.kb-button{width:initial;}.wp-block-kadence-advancedbtn .kb-btn1525_8cc3bc-0b.kb-button{color:var(--global-palette9, #ffffff);background:var(--global-palette1, #3182CE);border-top-color:var(--global-palette1, #3182CE);border-top-style:solid;border-right-color:var(--global-palette1, #3182CE);border-right-style:solid;border-bottom-color:var(--global-palette1, #3182CE);border-bottom-style:solid;border-left-color:var(--global-palette1, #3182CE);border-left-style:solid;}.wp-block-kadence-advancedbtn .kb-btn1525_8cc3bc-0b.kb-button:hover{color:#ffffff;background:var(--global-palette1, #3182CE);border-top-color:var(--global-palette1, #3182CE);border-top-style:solid;border-right-color:var(--global-palette1, #3182CE);border-right-style:solid;border-bottom-color:var(--global-palette1, #3182CE);border-bottom-style:solid;border-left-color:var(--global-palette1, #3182CE);border-left-style:solid;}@media all and (max-width: 1024px){.wp-block-kadence-advancedbtn .kb-btn1525_8cc3bc-0b.kb-button{border-top-color:var(--global-palette1, #3182CE);border-top-style:solid;border-right-color:var(--global-palette1, #3182CE);border-right-style:solid;border-bottom-color:var(--global-palette1, #3182CE);border-bottom-style:solid;border-left-color:var(--global-palette1, #3182CE);border-left-style:solid;}}@media all and (max-width: 1024px){.wp-block-kadence-advancedbtn .kb-btn1525_8cc3bc-0b.kb-button:hover{border-top-color:var(--global-palette1, #3182CE);border-top-style:solid;border-right-color:var(--global-palette1, #3182CE);border-right-style:solid;border-bottom-color:var(--global-palette1, #3182CE);border-bottom-style:solid;border-left-color:var(--global-palette1, #3182CE);border-left-style:solid;}}@media all and (max-width: 1024px){.kb-btn1525_8cc3bc-0b.kb-button .kb-svg-icon-wrap{display:block;}}@media all and (max-width: 767px){.wp-block-kadence-advancedbtn .kb-btn1525_8cc3bc-0b.kb-button{border-top-color:var(--global-palette1, #3182CE);border-top-style:solid;border-right-color:var(--global-palette1, #3182CE);border-right-style:solid;border-bottom-color:var(--global-palette1, #3182CE);border-bottom-style:solid;border-left-color:var(--global-palette1, #3182CE);border-left-style:solid;}.wp-block-kadence-advancedbtn .kb-btn1525_8cc3bc-0b.kb-button:hover{border-top-color:var(--global-palette1, #3182CE);border-top-style:solid;border-right-color:var(--global-palette1, #3182CE);border-right-style:solid;border-bottom-color:var(--global-palette1, #3182CE);border-bottom-style:solid;border-left-color:var(--global-palette1, #3182CE);border-left-style:solid;}}<\/style><a class=\"kb-button kt-button button kb-btn1525_8cc3bc-0b kt-btn-size-standard kt-btn-width-type-auto kb-btn-global-outline kt-btn-has-text-true kt-btn-has-svg-false wp-block-kadence-singlebtn\" href=\"https:\/\/emminteriorismo.com\/?page_id=1666\"><span class=\"kt-btn-inner-text\">DECO EXPR\u00c9S<\/span><\/a><\/div>\n<\/div><\/div>\n\n\n<style>.kadence-column1525_9ac4f7-63 > .kt-inside-inner-col{padding-top:300px;padding-right:20px;padding-bottom:50px;padding-left:20px;}.kadence-column1525_9ac4f7-63 > .kt-inside-inner-col,.kadence-column1525_9ac4f7-63 > .kt-inside-inner-col:before{border-top-left-radius:0px;border-top-right-radius:0px;border-bottom-right-radius:0px;border-bottom-left-radius:0px;}.kadence-column1525_9ac4f7-63 > .kt-inside-inner-col{column-gap:var(--global-kb-gap-sm, 1rem);}.kadence-column1525_9ac4f7-63 > .kt-inside-inner-col{flex-direction:column;}.kadence-column1525_9ac4f7-63 > .kt-inside-inner-col > .aligncenter{width:100%;}.kadence-column1525_9ac4f7-63 > .kt-inside-inner-col{background-image:url('https:\/\/emminteriorismo.com\/wp-content\/uploads\/2022\/09\/IMG_5792-2.jpg');background-size:cover;background-position:center center;background-attachment:scroll;background-repeat:no-repeat;}.kadence-column1525_9ac4f7-63 > .kt-inside-inner-col:before{opacity:0.3;}.kadence-column1525_9ac4f7-63{position:relative;}@media all and (max-width: 1024px){.kadence-column1525_9ac4f7-63 > .kt-inside-inner-col{flex-direction:column;}}@media all and (max-width: 767px){.kadence-column1525_9ac4f7-63 > .kt-inside-inner-col{flex-direction:column;}}<\/style>\n<div class=\"wp-block-kadence-column kadence-column1525_9ac4f7-63 inner-column-3\"><div class=\"kt-inside-inner-col\"><style>.wp-block-kadence-advancedbtn.kb-btns1525_8149c1-f6{gap:var(--global-kb-gap-xs, 0.5rem );justify-content:center;align-items:center;}.kt-btns1525_8149c1-f6 .kt-button{font-weight:normal;font-style:normal;}<\/style>\n<div class=\"wp-block-kadence-advancedbtn kb-buttons-wrap kb-btns1525_8149c1-f6\"><style>ul.menu .wp-block-kadence-advancedbtn .kb-btn1525_d857e5-cc.kb-button{width:initial;}.wp-block-kadence-advancedbtn .kb-btn1525_d857e5-cc.kb-button{color:var(--global-palette9, #ffffff);background:var(--global-palette1, #3182CE);border-top-color:var(--global-palette1, #3182CE);border-top-style:solid;border-right-color:var(--global-palette1, #3182CE);border-right-style:solid;border-bottom-color:var(--global-palette1, #3182CE);border-bottom-style:solid;border-left-color:var(--global-palette1, #3182CE);border-left-style:solid;}.wp-block-kadence-advancedbtn .kb-btn1525_d857e5-cc.kb-button:hover{color:var(--global-palette9, #ffffff);background:var(--global-palette1, #3182CE);border-top-color:var(--global-palette1, #3182CE);border-top-style:solid;border-right-color:var(--global-palette1, #3182CE);border-right-style:solid;border-bottom-color:var(--global-palette1, #3182CE);border-bottom-style:solid;border-left-color:var(--global-palette1, #3182CE);border-left-style:solid;}@media all and (max-width: 1024px){.wp-block-kadence-advancedbtn .kb-btn1525_d857e5-cc.kb-button{border-top-color:var(--global-palette1, #3182CE);border-top-style:solid;border-right-color:var(--global-palette1, #3182CE);border-right-style:solid;border-bottom-color:var(--global-palette1, #3182CE);border-bottom-style:solid;border-left-color:var(--global-palette1, #3182CE);border-left-style:solid;}}@media all and (max-width: 1024px){.wp-block-kadence-advancedbtn .kb-btn1525_d857e5-cc.kb-button:hover{border-top-color:var(--global-palette1, #3182CE);border-top-style:solid;border-right-color:var(--global-palette1, #3182CE);border-right-style:solid;border-bottom-color:var(--global-palette1, #3182CE);border-bottom-style:solid;border-left-color:var(--global-palette1, #3182CE);border-left-style:solid;}}@media all and (max-width: 1024px){.kb-btn1525_d857e5-cc.kb-button .kb-svg-icon-wrap{display:block;}}@media all and (max-width: 767px){.wp-block-kadence-advancedbtn .kb-btn1525_d857e5-cc.kb-button{border-top-color:var(--global-palette1, #3182CE);border-top-style:solid;border-right-color:var(--global-palette1, #3182CE);border-right-style:solid;border-bottom-color:var(--global-palette1, #3182CE);border-bottom-style:solid;border-left-color:var(--global-palette1, #3182CE);border-left-style:solid;}.wp-block-kadence-advancedbtn .kb-btn1525_d857e5-cc.kb-button:hover{border-top-color:var(--global-palette1, #3182CE);border-top-style:solid;border-right-color:var(--global-palette1, #3182CE);border-right-style:solid;border-bottom-color:var(--global-palette1, #3182CE);border-bottom-style:solid;border-left-color:var(--global-palette1, #3182CE);border-left-style:solid;}}<\/style><a class=\"kb-button kt-button button kb-btn1525_d857e5-cc kt-btn-size-standard kt-btn-width-type-auto kb-btn-global-outline kt-btn-has-text-true kt-btn-has-svg-false wp-block-kadence-singlebtn\" href=\"https:\/\/emminteriorismo.com\/?page_id=1545\"><span class=\"kt-btn-inner-text\">INTERIORISMO<\/span><\/a><\/div>\n<\/div><\/div>\n\n<\/div><\/div><\/div><\/div>\n\n<\/div><\/div>","protected":false},"excerpt":{"rendered":"<p>SERVICIOS Nuestros servicios \u00bfQu\u00e9 necesitas? Si no lo tienes claro escr\u00edbenos y te ayudaremos a decidir el servicio que m\u00e1s te va.<\/p>\n","protected":false},"author":1,"featured_media":0,"parent":0,"menu_order":0,"comment_status":"closed","ping_status":"closed","template":"","meta":{"om_disable_all_campaigns":false,"_monsterinsights_skip_tracking":false,"_monsterinsights_sitenote_active":false,"_monsterinsights_sitenote_note":"","_monsterinsights_sitenote_category":0,"_kadence_starter_templates_imported_post":false,"_kad_post_transparent":"","_kad_post_title":"","_kad_post_layout":"","_kad_post_sidebar_id":"","_kad_post_content_style":"","_kad_post_vertical_padding":"","_kad_post_feature":"","_kad_post_feature_position":"","_kad_post_header":false,"_kad_post_footer":false,"two_page_speed":[],"footnotes":""},"class_list":["post-1525","page","type-page","status-publish","hentry"],"aioseo_notices":[],"featured_image_src":false,"featured_image_src_square":false,"rbea_author_info":{"display_name":"emminteriorismo","author_link":"https:\/\/emminteriorismo.com\/?author=1"},"rbea_excerpt_info":"SERVICIOS Nuestros servicios \u00bfQu\u00e9 necesitas? Si no lo tienes claro escr\u00edbenos y te ayudaremos a decidir el servicio que m\u00e1s te va.","amp_enabled":true,"_links":{"self":[{"href":"https:\/\/emminteriorismo.com\/index.php?rest_route=\/wp\/v2\/pages\/1525","targetHints":{"allow":["GET"]}}],"collection":[{"href":"https:\/\/emminteriorismo.com\/index.php?rest_route=\/wp\/v2\/pages"}],"about":[{"href":"https:\/\/emminteriorismo.com\/index.php?rest_route=\/wp\/v2\/types\/page"}],"author":[{"embeddable":true,"href":"https:\/\/emminteriorismo.com\/index.php?rest_route=\/wp\/v2\/users\/1"}],"replies":[{"embeddable":true,"href":"https:\/\/emminteriorismo.com\/index.php?rest_route=%2Fwp%2Fv2%2Fcomments&post=1525"}],"version-history":[{"count":13,"href":"https:\/\/emminteriorismo.com\/index.php?rest_route=\/wp\/v2\/pages\/1525\/revisions"}],"predecessor-version":[{"id":2579,"href":"https:\/\/emminteriorismo.com\/index.php?rest_route=\/wp\/v2\/pages\/1525\/revisions\/2579"}],"wp:attachment":[{"href":"https:\/\/emminteriorismo.com\/index.php?rest_route=%2Fwp%2Fv2%2Fmedia&parent=1525"}],"curies":[{"name":"wp","href":"https:\/\/api.w.org\/{rel}","templated":true}]}}