{"id":1534,"date":"2022-09-07T11:00:24","date_gmt":"2022-09-07T11:00:24","guid":{"rendered":"https:\/\/emminteriorismo.com\/?page_id=1534"},"modified":"2024-06-04T18:40:17","modified_gmt":"2024-06-04T18:40:17","slug":"inspiracion","status":"publish","type":"page","link":"https:\/\/emminteriorismo.com\/?page_id=1534","title":{"rendered":"Inspiraci\u00f3n"},"content":{"rendered":"<style>.kb-row-layout-wrap.wp-block-kadence-rowlayout.kb-row-layout-id1534_092684-0f{margin-bottom:40px;}.kb-row-layout-id1534_092684-0f > .kt-row-column-wrap{align-content:center;}:where(.kb-row-layout-id1534_092684-0f > .kt-row-column-wrap) > .wp-block-kadence-column{justify-content:center;}.kb-row-layout-id1534_092684-0f > .kt-row-column-wrap{column-gap:var(--global-kb-gap-md, 2rem);row-gap:var(--global-kb-gap-md, 2rem);max-width:960px;margin-left:auto;margin-right:auto;padding-top:0px;padding-bottom:0px;grid-template-columns:minmax(0, 1fr);}.kb-row-layout-id1534_092684-0f > .kt-row-layout-overlay{opacity:0.30;}.kb-row-layout-id1534_092684-0f{z-index:1475;position:relative;}.kb-row-layout-id1534_092684-0f .kt-row-layout-bottom-sep{height:100px;}.kb-row-layout-id1534_092684-0f .kt-row-layout-bottom-sep svg{width:100%;}.kb-row-layout-id1534_092684-0f .kt-row-layout-bottom-sep svg{fill:#ffffff!important;}@media all and (max-width: 1024px){.kb-row-layout-id1534_092684-0f > .kt-row-column-wrap{grid-template-columns:minmax(0, 1fr);}}@media all and (max-width: 1024px){.kb-row-layout-id1534_092684-0f .kt-row-layout-bottom-sep{height:px;}}@media all and (max-width: 1024px){.kb-row-layout-id1534_092684-0f .kt-row-layout-bottom-sep svg{width:%;}}@media all and (max-width: 767px){.kb-row-layout-id1534_092684-0f > .kt-row-column-wrap{padding-right:25px;padding-left:25px;grid-template-columns:minmax(0, 1fr);}.kb-row-layout-id1534_092684-0f .kt-row-layout-bottom-sep{height:px;}.kb-row-layout-id1534_092684-0f .kt-row-layout-bottom-sep svg{width:%;}}.kb-row-layout-id1534_092684-0f {z-index: 10;}<\/style><div class=\"kb-row-layout-wrap kb-row-layout-id1534_092684-0f alignnone has-theme-palette9-background-color kt-row-has-bg wp-block-kadence-rowlayout\"><div class=\"kt-row-column-wrap kt-has-1-columns kt-row-layout-equal kt-tab-layout-inherit kt-mobile-layout-row kt-row-valign-middle\">\n<style>.kadence-column1534_f37686-60 > .kt-inside-inner-col,.kadence-column1534_f37686-60 > .kt-inside-inner-col:before{border-top-left-radius:0px;border-top-right-radius:0px;border-bottom-right-radius:0px;border-bottom-left-radius:0px;}.kadence-column1534_f37686-60 > .kt-inside-inner-col{column-gap:var(--global-kb-gap-sm, 1rem);}.kadence-column1534_f37686-60 > .kt-inside-inner-col{flex-direction:column;}.kadence-column1534_f37686-60 > .kt-inside-inner-col > .aligncenter{width:100%;}.kadence-column1534_f37686-60 > .kt-inside-inner-col:before{opacity:0.3;}.kadence-column1534_f37686-60{position:relative;}@media all and (max-width: 1024px){.kadence-column1534_f37686-60 > .kt-inside-inner-col{flex-direction:column;}}@media all and (max-width: 767px){.kadence-column1534_f37686-60 > .kt-inside-inner-col{flex-direction:column;}}<\/style>\n<div class=\"wp-block-kadence-column kadence-column1534_f37686-60 inner-column-1\"><div class=\"kt-inside-inner-col\">\n<p class=\"has-text-align-center has-medium-font-size\"><em>\u00abEl dise\u00f1o de interiores tiene la capacidad de influir en nuestro estado de \u00e1nimo\u00bb<\/em><\/p>\n\n\n\n<p class=\"has-text-align-center\" style=\"font-size:16px\">EMM ESTUDIO<\/p>\n<\/div><\/div>\n\n<\/div><\/div>\n\n<style>.kb-row-layout-wrap.wp-block-kadence-rowlayout.kb-row-layout-id1534_2531de-c4{margin-top:80px;margin-bottom:80px;}.kb-row-layout-id1534_2531de-c4 > .kt-row-column-wrap{align-content:center;}:where(.kb-row-layout-id1534_2531de-c4 > .kt-row-column-wrap) > .wp-block-kadence-column{justify-content:center;}.kb-row-layout-id1534_2531de-c4 > .kt-row-column-wrap{column-gap:80px;row-gap:var(--global-kb-gap-md, 2rem);max-width:var( --global-content-width, 1290px );padding-left:var(--global-content-edge-padding);padding-right:var(--global-content-edge-padding);padding-top:0px;padding-bottom:0px;grid-template-columns:minmax(0, calc(50% - ((80px * 1 )\/2))) minmax(0, calc(50% - ((80px * 1 )\/2)));}.kb-row-layout-id1534_2531de-c4 > .kt-row-layout-overlay{opacity:0.30;}@media all and (max-width: 1024px){.kb-row-layout-id1534_2531de-c4 > .kt-row-column-wrap{grid-template-columns:minmax(0, 1fr);}}@media all and (max-width: 767px){.kb-row-layout-id1534_2531de-c4 > .kt-row-column-wrap{padding-top:0px;padding-right:20px;padding-bottom:0px;padding-left:20px;grid-template-columns:minmax(0, 1fr);}}.kb-row-layout-id1534_2531de-c4 .vertical {  transform-origin: 0 0;  transform: rotate(-90deg);  width: 200%;}<\/style><div class=\"kb-row-layout-wrap kb-row-layout-id1534_2531de-c4 alignnone has-theme-palette2-background-color kt-row-has-bg wp-block-kadence-rowlayout\"><div class=\"kt-row-column-wrap kt-has-2-columns kt-row-layout-equal kt-tab-layout-row kt-mobile-layout-row kt-row-valign-middle kb-theme-content-width\">\n<style>.kadence-column1534_ba3d7d-60 > .kt-inside-inner-col{padding-right:60px;}.kadence-column1534_ba3d7d-60 > .kt-inside-inner-col,.kadence-column1534_ba3d7d-60 > .kt-inside-inner-col:before{border-top-left-radius:0px;border-top-right-radius:0px;border-bottom-right-radius:0px;border-bottom-left-radius:0px;}.kadence-column1534_ba3d7d-60 > .kt-inside-inner-col{column-gap:var(--global-kb-gap-sm, 1rem);}.kadence-column1534_ba3d7d-60 > .kt-inside-inner-col{flex-direction:column;}.kadence-column1534_ba3d7d-60 > .kt-inside-inner-col > .aligncenter{width:100%;}.kadence-column1534_ba3d7d-60 > .kt-inside-inner-col:before{opacity:0.3;}.kadence-column1534_ba3d7d-60{position:relative;}@media all and (max-width: 1024px){.kadence-column1534_ba3d7d-60, .kt-inside-inner-col > .kadence-column1534_ba3d7d-60:not(.specificity){margin-right:0px;}}@media all and (max-width: 1024px){.kadence-column1534_ba3d7d-60 > .kt-inside-inner-col{padding-right:0px;flex-direction:column;}}@media all and (max-width: 767px){.kadence-column1534_ba3d7d-60 > .kt-inside-inner-col{flex-direction:column;}}<\/style>\n<div class=\"wp-block-kadence-column kadence-column1534_ba3d7d-60 inner-column-1\"><div class=\"kt-inside-inner-col\"><style>.kb-image1534_871486-b9.kb-image-is-ratio-size, .kb-image1534_871486-b9 .kb-image-is-ratio-size{max-width:357px;width:100%;}.wp-block-kadence-column > .kt-inside-inner-col > .kb-image1534_871486-b9.kb-image-is-ratio-size, .wp-block-kadence-column > .kt-inside-inner-col > .kb-image1534_871486-b9 .kb-image-is-ratio-size{align-self:unset;}.kb-image1534_871486-b9 figure{max-width:357px;}.kb-image1534_871486-b9 .image-is-svg, .kb-image1534_871486-b9 .image-is-svg img{width:100%;}.kb-image1534_871486-b9 .kb-image-has-overlay:after{opacity:0.3;}<\/style>\n<div class=\"wp-block-kadence-image kb-image1534_871486-b9\"><figure class=\"aligncenter size-large kb-image-is-ratio-size\"><div class=\"kb-is-ratio-image kb-image-ratio-square\"><img loading=\"lazy\" decoding=\"async\" width=\"1024\" height=\"1020\" src=\"https:\/\/emminteriorismo.com\/wp-content\/uploads\/2024\/06\/retrato-05-bn-copia-1024x1020.jpg\" alt=\"\" class=\"kb-img wp-image-2668\" srcset=\"https:\/\/emminteriorismo.com\/wp-content\/uploads\/2024\/06\/retrato-05-bn-copia-1024x1020.jpg 1024w, https:\/\/emminteriorismo.com\/wp-content\/uploads\/2024\/06\/retrato-05-bn-copia-300x300.jpg 300w, https:\/\/emminteriorismo.com\/wp-content\/uploads\/2024\/06\/retrato-05-bn-copia-150x150.jpg 150w, https:\/\/emminteriorismo.com\/wp-content\/uploads\/2024\/06\/retrato-05-bn-copia-768x765.jpg 768w, https:\/\/emminteriorismo.com\/wp-content\/uploads\/2024\/06\/retrato-05-bn-copia-1536x1530.jpg 1536w, https:\/\/emminteriorismo.com\/wp-content\/uploads\/2024\/06\/retrato-05-bn-copia-2048x2040.jpg 2048w, https:\/\/emminteriorismo.com\/wp-content\/uploads\/2024\/06\/retrato-05-bn-copia-600x598.jpg 600w\" sizes=\"auto, (max-width: 1024px) 100vw, 1024px\" \/><\/div><\/figure><\/div>\n<\/div><\/div>\n\n\n<style>.kadence-column1534_db8d0b-9d > .kt-inside-inner-col,.kadence-column1534_db8d0b-9d > .kt-inside-inner-col:before{border-top-left-radius:0px;border-top-right-radius:0px;border-bottom-right-radius:0px;border-bottom-left-radius:0px;}.kadence-column1534_db8d0b-9d > .kt-inside-inner-col{column-gap:var(--global-kb-gap-sm, 1rem);}.kadence-column1534_db8d0b-9d > .kt-inside-inner-col{flex-direction:column;}.kadence-column1534_db8d0b-9d > .kt-inside-inner-col > .aligncenter{width:100%;}.kadence-column1534_db8d0b-9d > .kt-inside-inner-col:before{opacity:0.3;}.kadence-column1534_db8d0b-9d{position:relative;}@media all and (max-width: 1024px){.kadence-column1534_db8d0b-9d > .kt-inside-inner-col{flex-direction:column;}}@media all and (max-width: 767px){.kadence-column1534_db8d0b-9d > .kt-inside-inner-col{flex-direction:column;}}<\/style>\n<div class=\"wp-block-kadence-column kadence-column1534_db8d0b-9d inner-column-2\"><div class=\"kt-inside-inner-col\"><style>.wp-block-kadence-advancedheading.kt-adv-heading1534_841087-5a, .wp-block-kadence-advancedheading.kt-adv-heading1534_841087-5a[data-kb-block=\"kb-adv-heading1534_841087-5a\"]{font-size:14px;font-style:normal;}.wp-block-kadence-advancedheading.kt-adv-heading1534_841087-5a mark, .wp-block-kadence-advancedheading.kt-adv-heading1534_841087-5a[data-kb-block=\"kb-adv-heading1534_841087-5a\"] mark{font-style:normal;color:#f76a0c;padding-top:0px;padding-right:0px;padding-bottom:0px;padding-left:0px;}<\/style>\n<p class=\"kt-adv-heading1534_841087-5a wp-block-kadence-advancedheading\" data-kb-block=\"kb-adv-heading1534_841087-5a\">Sobre nosotros<\/p>\n\n\n<style>.wp-block-kadence-advancedheading.kt-adv-heading1534_f6fae2-b7, .wp-block-kadence-advancedheading.kt-adv-heading1534_f6fae2-b7[data-kb-block=\"kb-adv-heading1534_f6fae2-b7\"]{font-size:20px;font-weight:400;font-style:normal;font-family:Gotu;text-transform:none;letter-spacing:-0.1px;}.wp-block-kadence-advancedheading.kt-adv-heading1534_f6fae2-b7 mark, .wp-block-kadence-advancedheading.kt-adv-heading1534_f6fae2-b7[data-kb-block=\"kb-adv-heading1534_f6fae2-b7\"] mark{font-style:normal;color:#f76a0c;padding-top:0px;padding-right:0px;padding-bottom:0px;padding-left:0px;}<\/style>\n<h5 class=\"kt-adv-heading1534_f6fae2-b7 wp-block-kadence-advancedheading has-theme-palette-4-color has-text-color\" data-kb-block=\"kb-adv-heading1534_f6fae2-b7\">Soy Elena Mu\u00f1oz fundadora del Estudio <strong>EMM Interiorismo<\/strong>. <\/h5>\n\n\n\n<p>Nuestro estudio nace de la idea de hacer <strong>\u00abVidas M\u00e1s Felices\u00bb<\/strong> transformando hogares.<\/p>\n\n\n\n<p>Somos un equipo de profesionales capaces de captar tu personalidad y ayudarte a expresarla en tu entorno. Creemos que el dise\u00f1o impacta en c\u00f3mo nos sentimos cada d\u00eda en nuestra casa y mejorarlo nos hace m\u00e1s felices.<\/p>\n\n\n\n<p>Estamos aqu\u00ed para plasmar qui\u00e9n eres, para ayudarte a conectar con tu hogar. Nos mueve y nos motiva ayudar a las personas a tener vidas m\u00e1s felices y eso empieza por transformar tu entorno. \u00a1Estoy muy agradecida de que est\u00e9s aqu\u00ed!<\/p>\n\n\n<style>.wp-block-kadence-advancedbtn.kt-btns1534_cb59af-7e, .site .entry-content .wp-block-kadence-advancedbtn.kt-btns1534_cb59af-7e, .wp-block-kadence-advancedbtn.kb-btns1534_cb59af-7e, .site .entry-content .wp-block-kadence-advancedbtn.kb-btns1534_cb59af-7e{margin-top:40px;}.wp-block-kadence-advancedbtn.kb-btns1534_cb59af-7e{gap:var(--global-kb-gap-xs, 0.5rem );justify-content:flex-start;align-items:center;}.kt-btns1534_cb59af-7e .kt-button{font-weight:normal;font-style:normal;}@media all and (max-width: 767px){.wp-block-kadence-advancedbtn.kb-btns1534_cb59af-7e{justify-content:center;}}<\/style>\n<div class=\"wp-block-kadence-advancedbtn kb-buttons-wrap kb-btns1534_cb59af-7e\"><style>ul.menu .wp-block-kadence-advancedbtn .kb-btn1534_7f1fe8-3c.kb-button{width:initial;}.wp-block-kadence-advancedbtn .kb-btn1534_7f1fe8-3c.kb-button{color:#444444;background:var(--global-palette1, #3182CE);border-top-color:var(--global-palette1, #3182CE);border-top-style:solid;border-right-color:var(--global-palette1, #3182CE);border-right-style:solid;border-bottom-color:var(--global-palette1, #3182CE);border-bottom-style:solid;border-left-color:var(--global-palette1, #3182CE);border-left-style:solid;}.wp-block-kadence-advancedbtn .kb-btn1534_7f1fe8-3c.kb-button:hover{color:#444444;background:var(--global-palette1, #3182CE);border-top-color:var(--global-palette1, #3182CE);border-top-style:solid;border-right-color:var(--global-palette1, #3182CE);border-right-style:solid;border-bottom-color:var(--global-palette1, #3182CE);border-bottom-style:solid;border-left-color:var(--global-palette1, #3182CE);border-left-style:solid;}@media all and (max-width: 1024px){.wp-block-kadence-advancedbtn .kb-btn1534_7f1fe8-3c.kb-button{border-top-color:var(--global-palette1, #3182CE);border-top-style:solid;border-right-color:var(--global-palette1, #3182CE);border-right-style:solid;border-bottom-color:var(--global-palette1, #3182CE);border-bottom-style:solid;border-left-color:var(--global-palette1, #3182CE);border-left-style:solid;}}@media all and (max-width: 1024px){.wp-block-kadence-advancedbtn .kb-btn1534_7f1fe8-3c.kb-button:hover{border-top-color:var(--global-palette1, #3182CE);border-top-style:solid;border-right-color:var(--global-palette1, #3182CE);border-right-style:solid;border-bottom-color:var(--global-palette1, #3182CE);border-bottom-style:solid;border-left-color:var(--global-palette1, #3182CE);border-left-style:solid;}}@media all and (max-width: 1024px){.kb-btn1534_7f1fe8-3c.kb-button .kb-svg-icon-wrap{display:block;}}@media all and (max-width: 767px){.wp-block-kadence-advancedbtn .kb-btn1534_7f1fe8-3c.kb-button{border-top-color:var(--global-palette1, #3182CE);border-top-style:solid;border-right-color:var(--global-palette1, #3182CE);border-right-style:solid;border-bottom-color:var(--global-palette1, #3182CE);border-bottom-style:solid;border-left-color:var(--global-palette1, #3182CE);border-left-style:solid;}.wp-block-kadence-advancedbtn .kb-btn1534_7f1fe8-3c.kb-button:hover{border-top-color:var(--global-palette1, #3182CE);border-top-style:solid;border-right-color:var(--global-palette1, #3182CE);border-right-style:solid;border-bottom-color:var(--global-palette1, #3182CE);border-bottom-style:solid;border-left-color:var(--global-palette1, #3182CE);border-left-style:solid;}}<\/style><a class=\"kb-button kt-button button kb-btn1534_7f1fe8-3c kt-btn-size-standard kt-btn-width-type-auto kb-btn-global-inherit kt-btn-has-text-true kt-btn-has-svg-false wp-block-button__link wp-block-kadence-singlebtn\" href=\"https:\/\/emminteriorismo.com\/?page_id=29\"><span class=\"kt-btn-inner-text\">Con\u00f3cenos<\/span><\/a><\/div>\n<\/div><\/div>\n\n<\/div><\/div>\n\n<style>.wp-block-kadence-spacer.kt-block-spacer-1534_1ca5ea-03 .kt-block-spacer{height:161px;}.wp-block-kadence-spacer.kt-block-spacer-1534_1ca5ea-03 .kt-divider{border-top-width:1px;height:1px;border-top-color:rgba(255, 255, 255, 0.01);width:80%;border-top-style:solid;}<\/style>\n<div class=\"wp-block-kadence-spacer aligncenter kt-block-spacer-1534_1ca5ea-03\"><div class=\"kt-block-spacer kt-block-spacer-halign-center\"><hr class=\"kt-divider\"\/><\/div><\/div>\n","protected":false},"excerpt":{"rendered":"<p>\u00abEl dise\u00f1o de interiores tiene la capacidad de influir en nuestro estado de \u00e1nimo\u00bb EMM ESTUDIO Sobre nosotros Soy Elena Mu\u00f1oz fundadora del Estudio EMM Interiorismo. Nuestro estudio nace de la idea de hacer \u00abVidas M\u00e1s Felices\u00bb transformando hogares. Somos un equipo de profesionales capaces de captar tu personalidad y ayudarte a expresarla en tu&#8230;<\/p>\n","protected":false},"author":1,"featured_media":0,"parent":0,"menu_order":0,"comment_status":"closed","ping_status":"closed","template":"","meta":{"om_disable_all_campaigns":false,"_monsterinsights_skip_tracking":false,"_monsterinsights_sitenote_active":false,"_monsterinsights_sitenote_note":"","_monsterinsights_sitenote_category":0,"_kadence_starter_templates_imported_post":false,"_kad_post_transparent":"","_kad_post_title":"","_kad_post_layout":"","_kad_post_sidebar_id":"","_kad_post_content_style":"","_kad_post_vertical_padding":"","_kad_post_feature":"","_kad_post_feature_position":"","_kad_post_header":false,"_kad_post_footer":false,"two_page_speed":[],"footnotes":""},"class_list":["post-1534","page","type-page","status-publish","hentry"],"aioseo_notices":[],"featured_image_src":false,"featured_image_src_square":false,"rbea_author_info":{"display_name":"emminteriorismo","author_link":"https:\/\/emminteriorismo.com\/?author=1"},"rbea_excerpt_info":"\u00abEl dise\u00f1o de interiores tiene la capacidad de influir en nuestro estado de \u00e1nimo\u00bb EMM ESTUDIO Sobre nosotros Soy Elena Mu\u00f1oz fundadora del Estudio EMM Interiorismo. Nuestro estudio nace de la idea de hacer \u00abVidas M\u00e1s Felices\u00bb transformando hogares. Somos un equipo de profesionales capaces de captar tu personalidad y ayudarte a expresarla en tu...","amp_enabled":true,"_links":{"self":[{"href":"https:\/\/emminteriorismo.com\/index.php?rest_route=\/wp\/v2\/pages\/1534","targetHints":{"allow":["GET"]}}],"collection":[{"href":"https:\/\/emminteriorismo.com\/index.php?rest_route=\/wp\/v2\/pages"}],"about":[{"href":"https:\/\/emminteriorismo.com\/index.php?rest_route=\/wp\/v2\/types\/page"}],"author":[{"embeddable":true,"href":"https:\/\/emminteriorismo.com\/index.php?rest_route=\/wp\/v2\/users\/1"}],"replies":[{"embeddable":true,"href":"https:\/\/emminteriorismo.com\/index.php?rest_route=%2Fwp%2Fv2%2Fcomments&post=1534"}],"version-history":[{"count":16,"href":"https:\/\/emminteriorismo.com\/index.php?rest_route=\/wp\/v2\/pages\/1534\/revisions"}],"predecessor-version":[{"id":2669,"href":"https:\/\/emminteriorismo.com\/index.php?rest_route=\/wp\/v2\/pages\/1534\/revisions\/2669"}],"wp:attachment":[{"href":"https:\/\/emminteriorismo.com\/index.php?rest_route=%2Fwp%2Fv2%2Fmedia&parent=1534"}],"curies":[{"name":"wp","href":"https:\/\/api.w.org\/{rel}","templated":true}]}}