{"id":29,"date":"2021-12-13T08:57:39","date_gmt":"2021-12-13T08:57:39","guid":{"rendered":"https:\/\/kadence.pixel-show.com\/wooden-craft\/?page_id=15"},"modified":"2024-04-16T11:35:25","modified_gmt":"2024-04-16T11:35:25","slug":"contact","status":"publish","type":"page","link":"https:\/\/emminteriorismo.com\/?page_id=29","title":{"rendered":"Contact"},"content":{"rendered":"<style>#kt-layout-id_6b1471-05 > .kt-row-column-wrap{align-content:start;}:where(#kt-layout-id_6b1471-05 > .kt-row-column-wrap) > .wp-block-kadence-column{justify-content:start;}#kt-layout-id_6b1471-05 > .kt-row-column-wrap{column-gap:var(--global-kb-gap-md, 2rem);row-gap:var(--global-kb-gap-md, 2rem);max-width:var( --global-content-width, 1290px );padding-left:var(--global-content-edge-padding);padding-right:var(--global-content-edge-padding);padding-top:var( --global-kb-row-default-top, 25px );padding-bottom:var( --global-kb-row-default-bottom, 25px );padding-top:100px;padding-bottom:24px;grid-template-columns:minmax(0, 1fr);}#kt-layout-id_6b1471-05{background-color:#f8f7f3;}#kt-layout-id_6b1471-05 > .kt-row-layout-overlay{opacity:0.44;background-image:url('http:\/\/emminteriorismo-com.preview-domain.com\/wp-content\/uploads\/2021\/12\/pexels-aleksandar-pasaric-13213712.jpg');background-size:cover;background-position:center center;background-attachment:scroll;background-repeat:no-repeat;mix-blend-mode:multiply;}@media all and (max-width: 1024px){#kt-layout-id_6b1471-05 > .kt-row-column-wrap{grid-template-columns:minmax(0, 1fr);}}@media all and (max-width: 767px){#kt-layout-id_6b1471-05 > .kt-row-column-wrap{grid-template-columns:minmax(0, 1fr);}}<\/style>\n<div class=\"wp-block-kadence-rowlayout alignnone\"><div id=\"kt-layout-id_6b1471-05\" class=\"kt-row-layout-inner kt-row-has-bg kt-layout-id_6b1471-05\"><div class=\"kt-row-layout-overlay kt-row-overlay-normal\"><\/div><div class=\"kt-row-column-wrap kt-has-1-columns kt-gutter-default kt-v-gutter-default kt-row-valign-top kt-row-layout-equal kt-tab-layout-inherit kt-m-colapse-left-to-right kt-mobile-layout-row kb-theme-content-width\"><style>.kadence-column_bc33b2-78 > .kt-inside-inner-col{border-top-width:0px;border-right-width:0px;border-bottom-width:0px;border-left-width:0px;}.kadence-column_bc33b2-78 > .kt-inside-inner-col,.kadence-column_bc33b2-78 > .kt-inside-inner-col:before{border-top-left-radius:0px;border-top-right-radius:0px;border-bottom-right-radius:0px;border-bottom-left-radius:0px;}.kadence-column_bc33b2-78 > .kt-inside-inner-col{column-gap:var(--global-kb-gap-sm, 1rem);}.kadence-column_bc33b2-78 > .kt-inside-inner-col{flex-direction:column;}.kadence-column_bc33b2-78 > .kt-inside-inner-col > .aligncenter{width:100%;}.kadence-column_bc33b2-78 > .kt-inside-inner-col:before{opacity:0.3;}.kadence-column_bc33b2-78{position:relative;}@media all and (max-width: 1024px){.kadence-column_bc33b2-78 > .kt-inside-inner-col{flex-direction:column;}}@media all and (max-width: 767px){.kadence-column_bc33b2-78 > .kt-inside-inner-col{flex-direction:column;}}<\/style>\n<div class=\"wp-block-kadence-column inner-column-1 kadence-column_bc33b2-78\"><div class=\"kt-inside-inner-col\"><style>.wp-block-kadence-advancedheading.kt-adv-heading_603bf9-8f, .wp-block-kadence-advancedheading.kt-adv-heading_603bf9-8f[data-kb-block=\"kb-adv-heading_603bf9-8f\"]{text-align:center;font-style:normal;}.wp-block-kadence-advancedheading.kt-adv-heading_603bf9-8f mark, .wp-block-kadence-advancedheading.kt-adv-heading_603bf9-8f[data-kb-block=\"kb-adv-heading_603bf9-8f\"] mark{font-style:normal;color:#f76a0c;padding-top:0px;padding-right:0px;padding-bottom:0px;padding-left:0px;}<\/style>\n<h6 class=\"kt-adv-heading_603bf9-8f wp-block-kadence-advancedheading\" data-kb-block=\"kb-adv-heading_603bf9-8f\">Contacto<\/h6>\n\n\n<style>.wp-block-kadence-advancedheading.kt-adv-heading_267363-99, .wp-block-kadence-advancedheading.kt-adv-heading_267363-99[data-kb-block=\"kb-adv-heading_267363-99\"]{text-align:center;line-height:54px;font-style:normal;}.wp-block-kadence-advancedheading.kt-adv-heading_267363-99 mark, .wp-block-kadence-advancedheading.kt-adv-heading_267363-99[data-kb-block=\"kb-adv-heading_267363-99\"] mark{font-style:normal;color:#f76a0c;padding-top:0px;padding-right:0px;padding-bottom:0px;padding-left:0px;}<\/style>\n<h1 class=\"kt-adv-heading_267363-99 wp-block-kadence-advancedheading\" data-kb-block=\"kb-adv-heading_267363-99\">Escr\u00edbenos<\/h1>\n\n\n<style>.wp-block-kadence-advancedheading.kt-adv-heading_9b7843-a6, .wp-block-kadence-advancedheading.kt-adv-heading_9b7843-a6[data-kb-block=\"kb-adv-heading_9b7843-a6\"]{text-align:center;font-size:20px;font-style:normal;}.wp-block-kadence-advancedheading.kt-adv-heading_9b7843-a6 mark, .wp-block-kadence-advancedheading.kt-adv-heading_9b7843-a6[data-kb-block=\"kb-adv-heading_9b7843-a6\"] mark{font-style:normal;color:#f76a0c;padding-top:0px;padding-right:0px;padding-bottom:0px;padding-left:0px;}<\/style>\n<p class=\"kt-adv-heading_9b7843-a6 wp-block-kadence-advancedheading has-theme-palette-4-color has-text-color\" data-kb-block=\"kb-adv-heading_9b7843-a6\">Cu\u00e9ntanos tu historia y te ayudaremos a hacer tu sue\u00f1o realidad<\/p>\n<\/div><\/div>\n<\/div><\/div><\/div>\n\n\n<style>#kt-layout-id_baa171-dd > .kt-row-column-wrap{align-content:start;}:where(#kt-layout-id_baa171-dd > .kt-row-column-wrap) > .wp-block-kadence-column{justify-content:start;}#kt-layout-id_baa171-dd > .kt-row-column-wrap{column-gap:40px;row-gap:var(--global-kb-gap-md, 2rem);max-width:var( --global-content-width, 1290px );padding-left:var(--global-content-edge-padding);padding-right:var(--global-content-edge-padding);padding-top:var( --global-kb-row-default-top, 25px );padding-bottom:var( --global-kb-row-default-bottom, 25px );padding-top:80px;padding-bottom:80px;grid-template-columns:minmax(0, 1fr);}#kt-layout-id_baa171-dd{background-color:#f8f7f3;}#kt-layout-id_baa171-dd > .kt-row-layout-overlay{opacity:0.30;}@media all and (max-width: 1024px){#kt-layout-id_baa171-dd > .kt-row-column-wrap{grid-template-columns:repeat(2, minmax(0, 1fr));}}@media all and (max-width: 767px){#kt-layout-id_baa171-dd > .kt-row-column-wrap{grid-template-columns:minmax(0, 1fr);}}<\/style>\n<div class=\"wp-block-kadence-rowlayout alignnone\"><div id=\"kt-layout-id_baa171-dd\" class=\"kt-row-layout-inner kt-row-has-bg kt-layout-id_baa171-dd\"><div class=\"kt-row-column-wrap kt-has-2-columns kt-gutter-wide kt-v-gutter-default kt-row-valign-top kt-row-layout-row kt-tab-layout-inherit kt-m-colapse-left-to-right kt-mobile-layout-row kb-theme-content-width\"><style>.kadence-column_ebb7f6-1f > .kt-inside-inner-col{padding-top:40px;padding-bottom:40px;padding-left:40px;padding-right:40px;}.kadence-column_ebb7f6-1f > .kt-inside-inner-col{border-top-width:0px;border-right-width:0px;border-bottom-width:0px;border-left-width:0px;}.kadence-column_ebb7f6-1f > .kt-inside-inner-col,.kadence-column_ebb7f6-1f > .kt-inside-inner-col:before{border-top-left-radius:10px;border-top-right-radius:10px;border-bottom-right-radius:10px;border-bottom-left-radius:10px;}.kadence-column_ebb7f6-1f > .kt-inside-inner-col{column-gap:var(--global-kb-gap-sm, 1rem);}.kadence-column_ebb7f6-1f > .kt-inside-inner-col{flex-direction:column;}.kadence-column_ebb7f6-1f > .kt-inside-inner-col > .aligncenter{width:100%;}.kadence-column_ebb7f6-1f > .kt-inside-inner-col{background-color:#f8f7f3;}.kadence-column_ebb7f6-1f > .kt-inside-inner-col:before{opacity:0.3;}.kadence-column_ebb7f6-1f{position:relative;}@media all and (max-width: 1024px){.kadence-column_ebb7f6-1f > .kt-inside-inner-col{flex-direction:column;}}@media all and (max-width: 767px){.kadence-column_ebb7f6-1f > .kt-inside-inner-col{flex-direction:column;}}<\/style>\n<div class=\"wp-block-kadence-column inner-column-1 kadence-column_ebb7f6-1f\"><div class=\"kt-inside-inner-col\"><style>.kadence-form-_7d0532-47 .kb-form .kadence-blocks-form-field .kb-text-style-field, .kadence-form-_7d0532-47 .kb-form .kadence-blocks-form-field .kb-select-style-field{color:var(--global-palette5, #4A5568);font-size:16px;line-height:22px;background:#f8f7f3;border-color:var(--global-palette5, #4A5568);}.kadence-form-_7d0532-47 .kb-form .kadence-blocks-form-field .kb-text-style-field:focus, .kadence-form-_7d0532-47 .kb-form .kadence-blocks-form-field .kb-select-style-field:focus{color:var(--global-palette4, #2D3748);border-color:var(--global-palette5, #4A5568);background:var(--global-palette9, #ffffff);}.kadence-form-_7d0532-47 .kb-form .kadence-blocks-form-field .kb-forms-submit{color:#ffffff;border-radius:5px;background:var(--global-palette1, #3182CE);}.kadence-form-_7d0532-47 .kb-form .kadence-blocks-form-field .kb-forms-submit:hover, .kadence-form-_7d0532-47 .kb-form .kadence-blocks-form-field .kb-forms-submit:focus {color:#1a202c;background:var(--global-palette2, #2B6CB0);}<\/style>\n<div class=\"wp-block-kadence-form kadence-form-_7d0532-47 kb-form-wrap\"><form class=\"kb-form\" action=\"\" method=\"post\"><div class=\"kadence-blocks-form-field kb-field-desk-width-100 kb-input-size-standard\"><input name=\"kb_field_0\" id=\"kb_field__7d0532-47_0\" data-label=\"Name\" type=\"text\" placeholder=\"Nombre\" value=\"\" data-type=\"text\" class=\"kb-field kb-text-style-field kb-text-field kb-field-0\"\/><\/div><div class=\"kadence-blocks-form-field kb-form-field-1 kb-field-desk-width-100 kb-input-size-standard\"><input name=\"kb_field_1\" id=\"kb_field__7d0532-47_1\" data-label=\"Email\" type=\"email\" placeholder=\"Email\" value=\"\" data-type=\"email\" class=\"kb-field kb-text-style-field kb-email-field kb-field-1\" data-required=\"yes\"\/><\/div><div class=\"kadence-blocks-form-field kb-form-field-2 kb-field-desk-width-100 kb-input-size-standard\"><input name=\"kb_field_2\" id=\"kb_field__7d0532-47_2\" data-label=\"Phone\" type=\"text\" placeholder=\"Phone\" value=\"\" data-type=\"text\" class=\"kb-field kb-text-style-field kb-text-field kb-field-2\" data-required=\"yes\"\/><\/div><div class=\"kadence-blocks-form-field kb-form-field-3 kb-field-desk-width-100 kb-input-size-standard\"><textarea name=\"kb_field_3\" id=\"kb_field__7d0532-47_3\" data-label=\"Message\" type=\"textarea\" placeholder=\"Message Us...\" data-type=\"textarea\" class=\"kb-field kb-text-style-field kb-textarea-field kb-field-3\" rows=\"4\" data-required=\"yes\"><\/textarea><\/div><input type=\"hidden\" name=\"_kb_form_id\" value=\"_7d0532-47\"\/><input type=\"hidden\" name=\"_kb_form_post_id\" value=\"29\"\/><input type=\"hidden\" name=\"action\" value=\"kb_process_ajax_submit\"\/><input class=\"kadence-blocks-field verify\" type=\"text\" name=\"_kb_verify_email\" autocomplete=\"new-password\" aria-hidden=\"true\" placeholder=\"Email\" tabindex=\"-1\" data-1p-ignore=\"true\" data-lpignore=\"true\" \/><div class=\"kadence-blocks-form-field kb-submit-field kb-field-desk-width-100\"><button class=\"kb-forms-submit button kb-button-size-standard kb-button-width-auto\">Enviar<\/button><\/div><\/form><\/div>\n<noscript><div class=\"kadence-blocks-form-message kadence-blocks-form-warning\">Activar JavaScript en tu navegador para enviar el formulario<\/div><style>.kadence-form-_7d0532-47 .kadence-blocks-form-field.kb-submit-field { display: none; }<\/style><\/noscript><\/div><\/div>\n\n\n<style>.kadence-column_2e02cf-b0 > .kt-inside-inner-col{border-top-width:0px;border-right-width:0px;border-bottom-width:0px;border-left-width:0px;}.kadence-column_2e02cf-b0 > .kt-inside-inner-col,.kadence-column_2e02cf-b0 > .kt-inside-inner-col:before{border-top-left-radius:0px;border-top-right-radius:0px;border-bottom-right-radius:0px;border-bottom-left-radius:0px;}.kadence-column_2e02cf-b0 > .kt-inside-inner-col{column-gap:var(--global-kb-gap-sm, 1rem);}.kadence-column_2e02cf-b0 > .kt-inside-inner-col{flex-direction:column;}.kadence-column_2e02cf-b0 > .kt-inside-inner-col > .aligncenter{width:100%;}.kadence-column_2e02cf-b0 > .kt-inside-inner-col:before{opacity:0.3;}.kadence-column_2e02cf-b0{position:relative;}@media all and (max-width: 1024px){.kadence-column_2e02cf-b0 > .kt-inside-inner-col{flex-direction:column;}}@media all and (max-width: 767px){.kadence-column_2e02cf-b0 > .kt-inside-inner-col{flex-direction:column;}}<\/style>\n<div class=\"wp-block-kadence-column inner-column-2 kadence-column_2e02cf-b0\"><div class=\"kt-inside-inner-col\"><\/div><\/div>\n<\/div><\/div><\/div>\n","protected":false},"excerpt":{"rendered":"<p>Contacto Escr\u00edbenos Cu\u00e9ntanos tu historia y te ayudaremos a hacer tu sue\u00f1o realidad<\/p>\n","protected":false},"author":1,"featured_media":0,"parent":0,"menu_order":0,"comment_status":"closed","ping_status":"closed","template":"","meta":{"om_disable_all_campaigns":false,"_monsterinsights_skip_tracking":false,"_monsterinsights_sitenote_active":false,"_monsterinsights_sitenote_note":"","_monsterinsights_sitenote_category":0,"_kadence_starter_templates_imported_post":true,"_kad_post_transparent":"","_kad_post_title":"hide","_kad_post_layout":"fullwidth","_kad_post_sidebar_id":"","_kad_post_content_style":"unboxed","_kad_post_vertical_padding":"hide","_kad_post_feature":"hide","_kad_post_feature_position":"","_kad_post_header":false,"_kad_post_footer":false,"two_page_speed":{"previous_score":{"desktop_score":94,"desktop_tti":"1.1\u00a0","mobile_score":87,"mobile_tti":"3.4\u00a0","date":"09.04.2024 05:04:11 pm","status":"completed"},"current_score":{"desktop_score":99,"desktop_tti":"0.6\u00a0","mobile_score":94,"mobile_tti":"2.5\u00a0","date":"16.04.2024 11:35:51 am","status":"completed"}},"footnotes":""},"class_list":["post-29","page","type-page","status-publish","hentry"],"aioseo_notices":[],"featured_image_src":false,"featured_image_src_square":false,"rbea_author_info":{"display_name":"emminteriorismo","author_link":"https:\/\/emminteriorismo.com\/?author=1"},"rbea_excerpt_info":"Contacto Escr\u00edbenos Cu\u00e9ntanos tu historia y te ayudaremos a hacer tu sue\u00f1o realidad","amp_enabled":true,"_links":{"self":[{"href":"https:\/\/emminteriorismo.com\/index.php?rest_route=\/wp\/v2\/pages\/29","targetHints":{"allow":["GET"]}}],"collection":[{"href":"https:\/\/emminteriorismo.com\/index.php?rest_route=\/wp\/v2\/pages"}],"about":[{"href":"https:\/\/emminteriorismo.com\/index.php?rest_route=\/wp\/v2\/types\/page"}],"author":[{"embeddable":true,"href":"https:\/\/emminteriorismo.com\/index.php?rest_route=\/wp\/v2\/users\/1"}],"replies":[{"embeddable":true,"href":"https:\/\/emminteriorismo.com\/index.php?rest_route=%2Fwp%2Fv2%2Fcomments&post=29"}],"version-history":[{"count":9,"href":"https:\/\/emminteriorismo.com\/index.php?rest_route=\/wp\/v2\/pages\/29\/revisions"}],"predecessor-version":[{"id":2364,"href":"https:\/\/emminteriorismo.com\/index.php?rest_route=\/wp\/v2\/pages\/29\/revisions\/2364"}],"wp:attachment":[{"href":"https:\/\/emminteriorismo.com\/index.php?rest_route=%2Fwp%2Fv2%2Fmedia&parent=29"}],"curies":[{"name":"wp","href":"https:\/\/api.w.org\/{rel}","templated":true}]}}